{"id":3984,"date":"2025-02-20T23:17:52","date_gmt":"2025-02-21T02:17:52","guid":{"rendered":"https:\/\/ifspp1-sgo.infd.edu.ar\/sitio\/?page_id=3984"},"modified":"2026-05-12T20:32:45","modified_gmt":"2026-05-12T23:32:45","slug":"examenes-mayo-2026-s","status":"publish","type":"page","link":"https:\/\/ifspp1-sgo.infd.edu.ar\/sitio\/examenes-mayo-2026-s\/","title":{"rendered":"Ex\u00e1menes Mayo2026 &#8211;"},"content":{"rendered":"\n<p class=\"has-text-align-center has-accent-color has-electric-grass-gradient-background has-text-color has-background has-large-font-size\">Fecha de Inscripci\u00f3n:<strong> Desde el 15 al 19 Mayo<\/strong> de 2026<\/p>\n\n\n\n<p><\/p>\n\n\n\n<h1 class=\"wp-block-heading\"><a href=\"https:\/\/ifspp1-sgo.infd.edu.ar\/sitio\/wp-content\/uploads\/2024\/02\/Examenes-Turno-marzo-2024-Historia-final.pdf\"><\/a><\/h1>\n\n\n\n<p class=\"has-text-align-center has-contrast-color has-cool-to-warm-spectrum-gradient-background has-text-color has-background has-large-font-size\"><strong><a href=\"https:\/\/forms.gle\/omVsXXyJgbaCi6529\" target=\"_blank\" rel=\"noreferrer noopener\">HISTORIA<\/a><\/strong><\/p>\n\n\n\n<p class=\"has-text-align-center has-contrast-color has-text-color has-background has-large-font-size\" style=\"background:linear-gradient(354deg,rgb(2,3,129) 33%,rgb(40,116,252) 84%)\"><a href=\"https:\/\/forms.gle\/cPFdo9jXvjPsmm3F8\" target=\"_blank\" rel=\"noreferrer noopener\"><strong>FILOSOF\u00cdA<\/strong> <\/a><\/p>\n\n\n\n<p class=\"has-text-align-center has-contrast-color has-luminous-dusk-gradient-background has-text-color has-background has-large-font-size\"><strong><a href=\"https:\/\/forms.gle\/dmBKyvg9ruou7XqA7\" target=\"_blank\" rel=\"noreferrer noopener\">BIOLOG\u00cdA<\/a><\/strong> <\/p>\n\n\n\n<p class=\"has-text-align-center has-contrast-color has-light-green-cyan-to-vivid-green-cyan-gradient-background has-text-color has-background has-large-font-size\"><a href=\"https:\/\/forms.gle\/9nwiyowrpdyLcb6j8\" target=\"_blank\" rel=\"noreferrer noopener\"><strong>QU\u00cdMICA<\/strong> <\/a><\/p>\n\n\n\n<p class=\"has-text-align-center has-contrast-color has-luminous-vivid-orange-to-vivid-red-gradient-background has-text-color has-background has-large-font-size\"><strong>EDUCACI\u00d3N ESPECIAL<\/strong> &#8211; Consultar en Carrera<\/p>\n\n\n\n<p class=\"has-text-align-center has-contrast-color has-blush-light-purple-gradient-background has-text-color has-background has-large-font-size\"><strong><a href=\"https:\/\/forms.gle\/ziDif1ufxkTALV8e9\" target=\"_blank\" rel=\"noreferrer noopener\">CIENCIAS DE LA EDUCACI\u00d3N <\/a><\/strong><\/p>\n\n\n\n<p class=\"has-text-align-center has-contrast-color has-text-color has-background has-large-font-size\" style=\"background:linear-gradient(135deg,rgb(254,205,165) 0%,rgb(254,45,45) 77%,rgb(107,0,62) 100%)\"><strong><a href=\"https:\/\/forms.gle\/JXeAzHsR4h1JahPC9\" target=\"_blank\" rel=\"noreferrer noopener\">TECNICATURA GESTI\u00d3N DEPORTIVA <\/a><\/strong><\/p>\n\n\n\n<p class=\"has-text-align-center has-contrast-color has-electric-grass-gradient-background has-text-color has-background has-large-font-size\"><strong>EDUCACI\u00d3N F\u00cdSICA<\/strong>&#8211; <a href=\"https:\/\/forms.gle\/emkNshmin464xDQd7\" target=\"_blank\" rel=\"noreferrer noopener\">Espec\u00edficas<\/a> &#8211; <a href=\"https:\/\/forms.gle\/mgpDjsuAwtaAxkB97\" target=\"_blank\" rel=\"noreferrer noopener\">Generales<\/a> <\/p>\n\n\n\n<p id=\"block-cf088a63-1da5-4b2e-8b08-e03d7bd251ba\"><\/p>\n\n\n\n<h1 class=\"wp-block-heading\" id=\"block-5488d37f-3245-4f00-abaf-ee2264f0acdc\"><\/h1>\n","protected":false},"excerpt":{"rendered":"<p>Fecha de Inscripci\u00f3n: Desde el 15 al 19 Mayo de 2026 HISTORIA FILOSOF\u00cdA BIOLOG\u00cdA QU\u00cdMICA EDUCACI\u00d3N ESPECIAL &#8211; Consultar en Carrera CIENCIAS DE LA EDUCACI\u00d3N TECNICATURA GESTI\u00d3N DEPORTIVA EDUCACI\u00d3N F\u00cdSICA&#8211; Espec\u00edficas &#8211; Generales<\/p>\n","protected":false},"author":9,"featured_media":0,"parent":0,"menu_order":0,"comment_status":"closed","ping_status":"closed","template":"","meta":[],"acf":[],"_links":{"self":[{"href":"https:\/\/ifspp1-sgo.infd.edu.ar\/sitio\/wp-json\/wp\/v2\/pages\/3984"}],"collection":[{"href":"https:\/\/ifspp1-sgo.infd.edu.ar\/sitio\/wp-json\/wp\/v2\/pages"}],"about":[{"href":"https:\/\/ifspp1-sgo.infd.edu.ar\/sitio\/wp-json\/wp\/v2\/types\/page"}],"author":[{"embeddable":true,"href":"https:\/\/ifspp1-sgo.infd.edu.ar\/sitio\/wp-json\/wp\/v2\/users\/9"}],"replies":[{"embeddable":true,"href":"https:\/\/ifspp1-sgo.infd.edu.ar\/sitio\/wp-json\/wp\/v2\/comments?post=3984"}],"version-history":[{"count":48,"href":"https:\/\/ifspp1-sgo.infd.edu.ar\/sitio\/wp-json\/wp\/v2\/pages\/3984\/revisions"}],"predecessor-version":[{"id":4151,"href":"https:\/\/ifspp1-sgo.infd.edu.ar\/sitio\/wp-json\/wp\/v2\/pages\/3984\/revisions\/4151"}],"wp:attachment":[{"href":"https:\/\/ifspp1-sgo.infd.edu.ar\/sitio\/wp-json\/wp\/v2\/media?parent=3984"}],"curies":[{"name":"wp","href":"https:\/\/api.w.org\/{rel}","templated":true}]}}