{"id":3200,"date":"2022-05-17T20:43:51","date_gmt":"2022-05-17T23:43:51","guid":{"rendered":"https:\/\/ifspp1-sgo.infd.edu.ar\/sitio\/?page_id=3200"},"modified":"2022-05-17T20:43:53","modified_gmt":"2022-05-17T23:43:53","slug":"cooperadora","status":"publish","type":"page","link":"https:\/\/ifspp1-sgo.infd.edu.ar\/sitio\/cooperadora\/","title":{"rendered":"Cooperadora"},"content":{"rendered":"\n<p class=\"has-text-align-center has-white-color has-vivid-red-background-color has-text-color has-background\" style=\"font-size:38px\">Cooperadora ISPP1 &#8211; <strong>C O N V 0 C A<\/strong><\/p>\n\n\n\n<p class=\"has-medium-font-size\">La Cooperadora del Instituto Superior del &nbsp;Profesorado &nbsp;Provincial N\u00b01 &nbsp;convoca a oferentes a presentarse en <\/p>\n\n\n\n<ul class=\"has-medium-font-size\"><li> Contrataci\u00f3n Directa <strong>N\u00b0 01\/2022 \u201cCONCESION DE FOTOCOPIADORA E INSUMOS DE LIBRER\u00cdA\u201d  <\/strong>y <\/li><li>Contrataci\u00f3n Directa <strong> N\u00b0 02\/2022&nbsp; \u201cCONCESION DE BAR-CAFETERIA DEL ISPPN\u00b01<\/strong> <strong>Y BAR-CAFETERIA-COMEDOR- MAXIKIOSCO DEL ANEXO DE EDUCACI\u00d3N F\u00cdSICA DEL ISPP N\u00b01\u201d<\/strong> durante el per\u00edodo lectivo 2022 en el establecimiento educativo del I.S.P.P.N\u00b01<\/li><\/ul>\n\n\n\n<p class=\"has-vivid-purple-color has-text-color has-medium-font-size\">Apertura P\u00fablica de Sobres: <\/p>\n\n\n\n<p class=\"has-text-align-center has-vivid-purple-color has-text-color has-medium-font-size\"><strong>Viernes 20 de Mayo a las 19 hs (01\/2022) y 20:00 hs (02\/2022) en el SUM del ISPP N\u00b01<\/strong><\/p>\n\n\n\n<p class=\"has-vivid-cyan-blue-color has-text-color has-medium-font-size\">Consultas: <\/p>\n\n\n\n<p class=\"has-text-align-center has-vivid-cyan-blue-color has-text-color has-medium-font-size\"><strong>Lunes 16\/05 y Martes 17\/05 de 8:00 a 12:00 y 14:00 a 18:00 HS en el &nbsp;ISPP N\u00b01<\/strong><\/p>\n\n\n\n<p class=\"has-vivid-purple-color has-text-color has-medium-font-size\">Adquisici\u00f3n de Sobres: <\/p>\n\n\n\n<p class=\"has-text-align-center has-vivid-purple-color has-text-color has-medium-font-size\"><strong>desde el Lunes 16\/05 hasta el Jueves 19\/05&nbsp; de 8:00 a 12:00 y 14:00 a 20:00 hs en Secretaria del&nbsp; ISPP N\u00b01.&nbsp; Valor: $500 (01\/2022) y $1.000 (02\/2022)<\/strong><\/p>\n\n\n\n<p class=\"has-vivid-cyan-blue-color has-text-color has-medium-font-size\">Presentaci\u00f3n de Sobres: <\/p>\n\n\n\n<p class=\"has-text-align-center has-vivid-cyan-blue-color has-text-color has-medium-font-size\"><strong>hasta el d\u00eda Viernes 20 de Mayo a 12:00 hs<\/strong><\/p>\n\n\n\n<p class=\"has-medium-font-size\">Pueden presentarse cualquier individuo mayor de edad o Sociedad, inscripta en AFIP y Rentas de la Provincia. No pueden presentarse miembros de la Comisi\u00f3n Directiva de la Cooperadora ni familiares directos.<\/p>\n\n\n\n<p class=\"has-medium-font-size\">El ISPP N\u00b0 1 tiene dos edificios, el principal que cuenta con dos plantas&nbsp; y el Anexo que es utilizado para la Carrera de Educaci\u00f3n F\u00edsica. &nbsp;Se cursan 7 carreras con un caudal aproximado de 2.500 estudiantes distribuidos en 3 turnos.<\/p>\n\n\n\n<p class=\"has-medium-font-size\">La oferta 01\/2022 es la Fotocopiadora, a la cual se puede incorporar la venta de art\u00edculos de librer\u00eda. Funciona en el 1\u00b0 piso del Edificio Principal en un espacio determinado para tal fin.<\/p>\n\n\n\n<p class=\"has-medium-font-size\">La oferta 02\/2022 son dos espacios, el primero es el Bar-Cafeter\u00eda del Edificio Principal ubicado en planta baja, consta de un espacio cerrado (cocina) sin mobiliario y un espacio abierto para colocar mesas y sillas. El segundo es el Bar-Cafeter\u00eda-Comedor-Maxi kiosco ubicado en el&nbsp; edificio del Anexo, consta de una amplia cocina con mesada y cocina industrial y un espacio amplio para colocar mesas y sillas. La contrataci\u00f3n es una sola para los dos espacios.<\/p>\n\n\n\n<p class=\"has-medium-font-size\">Integrantes de la Cooperadora estar\u00e1n los d\u00edas lunes 16 y martes 17 de mayo de 8 a 12 y 14 a 18 hs en el ISPP N\u00b01 donde se pueden realizar consultas, ver los espacios y aclarar todas las dudas.<\/p>\n\n\n\n<p class=\"has-medium-font-size\">En el pliego se encuentran todos los requisitos, derechos y obligaciones. La apertura de sobres ser\u00e1 el d\u00eda viernes 20 de mayo a las 19 hs para la contrataci\u00f3n 01\/2022 y a las 20 hs para la 02\/2022, se realizara en el SUM del ISPP de forma abierta y publica. Los integrantes de la Comisi\u00f3n Directiva de la Cooperadora del ISPP N\u00b01, analizaran todas las ofertas y por mayor\u00eda se adjudicara a la oferta m\u00e1s conveniente. La mejor oferta no es solo econ\u00f3mica sino tambi\u00e9n servicios, calidad, productos, etc.<\/p>\n\n\n\n<p class=\"has-text-align-center\" style=\"font-size:39px\"><strong>************<\/strong><\/p>\n","protected":false},"excerpt":{"rendered":"<p>Cooperadora ISPP1 &#8211; C O N V 0 C A La Cooperadora del Instituto Superior del &nbsp;Profesorado &nbsp;Provincial N\u00b01 &nbsp;convoca a oferentes a presentarse en Contrataci\u00f3n Directa N\u00b0 01\/2022 \u201cCONCESION DE FOTOCOPIADORA E INSUMOS DE LIBRER\u00cdA\u201d y Contrataci\u00f3n Directa N\u00b0 02\/2022&nbsp; \u201cCONCESION DE BAR-CAFETERIA DEL ISPPN\u00b01 Y BAR-CAFETERIA-COMEDOR- MAXIKIOSCO DEL ANEXO DE EDUCACI\u00d3N F\u00cdSICA DEL &#8230; <a title=\"Cooperadora\" class=\"read-more\" href=\"https:\/\/ifspp1-sgo.infd.edu.ar\/sitio\/cooperadora\/\" aria-label=\"More on Cooperadora\">[+]<\/a><\/p>\n","protected":false},"author":9,"featured_media":0,"parent":0,"menu_order":0,"comment_status":"closed","ping_status":"closed","template":"","meta":[],"acf":[],"_links":{"self":[{"href":"https:\/\/ifspp1-sgo.infd.edu.ar\/sitio\/wp-json\/wp\/v2\/pages\/3200"}],"collection":[{"href":"https:\/\/ifspp1-sgo.infd.edu.ar\/sitio\/wp-json\/wp\/v2\/pages"}],"about":[{"href":"https:\/\/ifspp1-sgo.infd.edu.ar\/sitio\/wp-json\/wp\/v2\/types\/page"}],"author":[{"embeddable":true,"href":"https:\/\/ifspp1-sgo.infd.edu.ar\/sitio\/wp-json\/wp\/v2\/users\/9"}],"replies":[{"embeddable":true,"href":"https:\/\/ifspp1-sgo.infd.edu.ar\/sitio\/wp-json\/wp\/v2\/comments?post=3200"}],"version-history":[{"count":2,"href":"https:\/\/ifspp1-sgo.infd.edu.ar\/sitio\/wp-json\/wp\/v2\/pages\/3200\/revisions"}],"predecessor-version":[{"id":3202,"href":"https:\/\/ifspp1-sgo.infd.edu.ar\/sitio\/wp-json\/wp\/v2\/pages\/3200\/revisions\/3202"}],"wp:attachment":[{"href":"https:\/\/ifspp1-sgo.infd.edu.ar\/sitio\/wp-json\/wp\/v2\/media?parent=3200"}],"curies":[{"name":"wp","href":"https:\/\/api.w.org\/{rel}","templated":true}]}}