{"id":1093,"date":"2018-06-29T21:31:12","date_gmt":"2018-06-30T00:31:12","guid":{"rendered":"https:\/\/ifspp1-sgo.infd.edu.ar\/sitio\/noticias-del-instituto\/"},"modified":"2025-04-01T19:59:54","modified_gmt":"2025-04-01T22:59:54","slug":"noticias-del-instituto","status":"publish","type":"page","link":"https:\/\/ifspp1-sgo.infd.edu.ar\/sitio\/noticias-del-instituto\/","title":{"rendered":"Noticias del Instituto"},"content":{"rendered":"\n<p><\/p>\n\n\n\n<p class=\"has-text-align-center has-contrast-color has-pale-ocean-gradient-background has-text-color has-background has-large-font-size\">BECAS PROGRESAR   <\/p>\n\n\n\n<p class=\"has-text-align-center has-contrast-color has-pale-ocean-gradient-background has-text-color has-background has-medium-font-size\"><strong>Primera Convocatoria<\/strong> <strong>2025<\/strong>, <strong>para la l\u00ednea Progresar Superior  se extender\u00e1  desde el 31 de Marzo al 20 de Abril<\/strong><\/p>\n\n\n\n<hr class=\"wp-block-separator has-css-opacity\"\/>\n\n\n\n<figure class=\"wp-block-gallery has-nested-images columns-default is-cropped wp-block-gallery-1 is-layout-flex\">\n<figure class=\"wp-block-image size-large\"><img decoding=\"async\" loading=\"lazy\" width=\"542\" height=\"948\" data-id=\"4031\"  src=\"https:\/\/ifspp1-sgo.infd.edu.ar\/sitio\/wp-content\/uploads\/2025\/04\/4.png\" alt=\"\" class=\"wp-image-4031\"\/><\/figure>\n\n\n\n<figure class=\"wp-block-image size-large\"><img decoding=\"async\" loading=\"lazy\" width=\"529\" height=\"917\" data-id=\"4030\"  src=\"https:\/\/ifspp1-sgo.infd.edu.ar\/sitio\/wp-content\/uploads\/2025\/04\/5.png\" alt=\"\" class=\"wp-image-4030\"\/><\/figure>\n<\/figure>\n\n\n\n<p class=\"has-text-align-center\"><\/p>\n\n\n\n<figure class=\"wp-block-gallery has-nested-images columns-default is-cropped wp-block-gallery-3 is-layout-flex\">\n<figure class=\"wp-block-image size-large\"><img decoding=\"async\" loading=\"lazy\" width=\"1091\" height=\"924\" data-id=\"4036\"  src=\"https:\/\/ifspp1-sgo.infd.edu.ar\/sitio\/wp-content\/uploads\/2025\/04\/REQ2-2.png\" alt=\"\" class=\"wp-image-4036\" srcset=\"https:\/\/ifspp1-sgo.infd.edu.ar\/sitio\/wp-content\/uploads\/2025\/04\/REQ2-2.png 1091w, https:\/\/ifspp1-sgo.infd.edu.ar\/sitio\/wp-content\/uploads\/2025\/04\/REQ2-2-1000x847.png 1000w, https:\/\/ifspp1-sgo.infd.edu.ar\/sitio\/wp-content\/uploads\/2025\/04\/REQ2-2-768x650.png 768w\" sizes=\"(max-width: 1091px) 100vw, 1091px\" \/><\/figure>\n\n\n\n<figure class=\"wp-block-image size-large\"><img decoding=\"async\" loading=\"lazy\" width=\"1168\" height=\"898\" data-id=\"4035\"  src=\"https:\/\/ifspp1-sgo.infd.edu.ar\/sitio\/wp-content\/uploads\/2025\/04\/REQ1-2.png\" alt=\"\" class=\"wp-image-4035\" srcset=\"https:\/\/ifspp1-sgo.infd.edu.ar\/sitio\/wp-content\/uploads\/2025\/04\/REQ1-2.png 1168w, https:\/\/ifspp1-sgo.infd.edu.ar\/sitio\/wp-content\/uploads\/2025\/04\/REQ1-2-1000x769.png 1000w, https:\/\/ifspp1-sgo.infd.edu.ar\/sitio\/wp-content\/uploads\/2025\/04\/REQ1-2-768x590.png 768w\" sizes=\"(max-width: 1168px) 100vw, 1168px\" \/><\/figure>\n<\/figure>\n\n\n<div class=\"wp-block-image\">\n<figure class=\"aligncenter size-full is-resized\"><img decoding=\"async\" loading=\"lazy\" src=\"https:\/\/ifspp1-sgo.infd.edu.ar\/sitio\/wp-content\/uploads\/2025\/04\/REQ3-2.png\" alt=\"\" class=\"wp-image-4037\" width=\"486\" height=\"284\" srcset=\"https:\/\/ifspp1-sgo.infd.edu.ar\/sitio\/wp-content\/uploads\/2025\/04\/REQ3-2.png 1223w, https:\/\/ifspp1-sgo.infd.edu.ar\/sitio\/wp-content\/uploads\/2025\/04\/REQ3-2-1000x585.png 1000w, https:\/\/ifspp1-sgo.infd.edu.ar\/sitio\/wp-content\/uploads\/2025\/04\/REQ3-2-768x450.png 768w\" sizes=\"(max-width: 486px) 100vw, 486px\" \/><\/figure><\/div>\n\n\n<p class=\"has-text-align-center has-large-font-size\">***************************************<\/p>\n\n\n\n<h1 class=\"wp-block-heading\"><span style=\"color: #0000ff;\">Gabinete PSI !!!<\/span><\/h1>\n\n\n<div class=\"wp-block-image\">\n<figure class=\"aligncenter\"><img decoding=\"async\" loading=\"lazy\" width=\"707\" height=\"1000\" src=\"https:\/\/ifspp1-sgo.infd.edu.ar\/sitio\/wp-content\/uploads\/2020\/06\/gabinete-707x1000.jpg\" alt=\"\" class=\"wp-image-1748\" srcset=\"https:\/\/ifspp1-sgo.infd.edu.ar\/sitio\/wp-content\/uploads\/2020\/06\/gabinete-707x1000.jpg 707w, https:\/\/ifspp1-sgo.infd.edu.ar\/sitio\/wp-content\/uploads\/2020\/06\/gabinete-768x1086.jpg 768w, https:\/\/ifspp1-sgo.infd.edu.ar\/sitio\/wp-content\/uploads\/2020\/06\/gabinete.jpg 794w\" sizes=\"(max-width: 707px) 100vw, 707px\" \/><\/figure><\/div>\n\n\n<h2 class=\"wp-block-heading has-text-align-center\">Estamos para acompa\u00f1arte !!!<\/h2>\n\n\n\n<h2 class=\"wp-block-heading has-text-align-center\"><span style=\"color: #0000ff;\">NO DUDES en COMUNICARTE con nosotras<\/span><\/h2>\n\n\n\n<h2 class=\"wp-block-heading has-text-align-center\"><span style=\"color: #993366;\"><em>gabineteispp@gmail.com<\/em><\/span><\/h2>\n\n\n\n<h4 class=\"wp-block-heading has-text-align-center\"><em><span style=\"color: #ff0000;\">&nbsp;Gabriela Coronel<\/span> &#8211;&nbsp; <span style=\"color: #000080;\">Roxana P\u00e9rsico<\/span> &#8211; <span style=\"color: #ff6600;\">Adriana Villalba Giampaoli<\/span><\/em><\/h4>\n\n\n\n<h1 class=\"wp-block-heading\">&nbsp;<\/h1>\n\n\n\n<p><\/p>\n\n\n\n<figure class=\"wp-block-image\"><img alt=\"\"\/><\/figure>\n\n\n\n\n\n\n\n\n\n\n\n\n","protected":false},"excerpt":{"rendered":"<p>BECAS PROGRESAR Primera Convocatoria 2025, para la l\u00ednea Progresar Superior se extender\u00e1 desde el 31 de Marzo al 20 de Abril *************************************** Gabinete PSI !!! Estamos para acompa\u00f1arte !!! NO DUDES en COMUNICARTE con nosotras gabineteispp@gmail.com &nbsp;Gabriela Coronel &#8211;&nbsp; Roxana P\u00e9rsico &#8211; Adriana Villalba Giampaoli &nbsp;<\/p>\n","protected":false},"author":9,"featured_media":0,"parent":0,"menu_order":0,"comment_status":"closed","ping_status":"closed","template":"","meta":[],"acf":[],"_links":{"self":[{"href":"https:\/\/ifspp1-sgo.infd.edu.ar\/sitio\/wp-json\/wp\/v2\/pages\/1093"}],"collection":[{"href":"https:\/\/ifspp1-sgo.infd.edu.ar\/sitio\/wp-json\/wp\/v2\/pages"}],"about":[{"href":"https:\/\/ifspp1-sgo.infd.edu.ar\/sitio\/wp-json\/wp\/v2\/types\/page"}],"author":[{"embeddable":true,"href":"https:\/\/ifspp1-sgo.infd.edu.ar\/sitio\/wp-json\/wp\/v2\/users\/9"}],"replies":[{"embeddable":true,"href":"https:\/\/ifspp1-sgo.infd.edu.ar\/sitio\/wp-json\/wp\/v2\/comments?post=1093"}],"version-history":[{"count":331,"href":"https:\/\/ifspp1-sgo.infd.edu.ar\/sitio\/wp-json\/wp\/v2\/pages\/1093\/revisions"}],"predecessor-version":[{"id":4038,"href":"https:\/\/ifspp1-sgo.infd.edu.ar\/sitio\/wp-json\/wp\/v2\/pages\/1093\/revisions\/4038"}],"wp:attachment":[{"href":"https:\/\/ifspp1-sgo.infd.edu.ar\/sitio\/wp-json\/wp\/v2\/media?parent=1093"}],"curies":[{"name":"wp","href":"https:\/\/api.w.org\/{rel}","templated":true}]}}